{"id":17,"date":"2017-12-17T11:27:25","date_gmt":"2017-12-17T11:27:25","guid":{"rendered":"http:\/\/demo.gloriathemes.com\/wp\/cloux\/?page_id=17"},"modified":"2024-08-15T16:16:30","modified_gmt":"2024-08-15T13:16:30","slug":"home-1-multiple-2","status":"publish","type":"page","link":"https:\/\/www.exemgame.com\/en\/","title":{"rendered":"Home 1 &#8211; Multiple"},"content":{"rendered":"<div data-vc-full-width=\"true\" data-vc-full-width-init=\"false\" data-vc-stretch-content=\"true\" class=\"vc_row wpb_row vc_row-fluid vc_row-no-padding\"><div class=\"wpb_column vc_column_container vc_col-sm-12\"><div class=\"vc_column-inner\"><div class=\"wpb_wrapper\"><div class=\"cloux-slider cloux-game-slider\" data-autoplay=\"true\" data-autospeed=\"7000\" data-fade=\"true\" data-item=\"1\" data-dots=\"true\" data-arrows=\"false\" data-prevarrow=\"&lt;div class=&quot;prev arrow&quot;&gt;&lt;\/div&gt;\" data-nextarrow=\"&lt;div class=&quot;next arrow&quot;&gt;&lt;\/div&gt;\" data-slidetoitem=\"1\"><div class=\"item\"><div class=\"wrap\" style=\"background-image:url(https:\/\/www.exemgame.com\/wp-content\/uploads\/2021\/02\/image-1920x950.png);\"><div class=\"inner\"><ul class=\"game-details style-1\"><\/ul><div class=\"title\">E****** BUS SIMULATOR<\/div><div class=\"buttons\"><div class=\"cloux-button style-2\"><a href=\"https:\/\/www.exemgame.com\/en\/game\/bus-game-project\/\" title=\"Game Details\">Game Details<\/a><\/div><\/div><\/div><\/div><\/div><\/div><div class=\"vc_empty_space\"   style=\"height: 6.923rem\" ><span class=\"vc_empty_space_inner\"><\/span><\/div>\n<\/div><\/div><\/div><\/div><div class=\"vc_row-full-width vc_clearfix\"><\/div><div class=\"vc_row wpb_row vc_row-fluid\"><div class=\"wpb_column vc_column_container vc_col-sm-12 vc_col-lg-4 vc_col-md-4 vc_col-xs-12\"><div class=\"vc_column-inner\"><div class=\"wpb_wrapper\"><div class=\"banner-box shadow-true\" style=\"background-image:url(https:\/\/www.exemgame.com\/wp-content\/uploads\/2022\/12\/Foto2.jpg);\"><div class=\"wrap\"><div class=\"top-title\">Our Games<\/div><div class=\"main-title\">Exem Game Studio<\/div><div class=\"text\"><p>Our all games.<\/p>\n<\/div><div class=\"cloux-button style-3\"><a href=\"https:\/\/www.exemgame.com\/en\/games\/\" title=\"Games\" target=\"_parent\"><span>Games<\/span><\/a><\/div><\/div><\/div><div class=\"vc_empty_space\"   style=\"height: 2.308rem\" ><span class=\"vc_empty_space_inner\"><\/span><\/div>\n<\/div><\/div><\/div><div class=\"wpb_column vc_column_container vc_col-sm-12 vc_col-lg-4 vc_col-md-4 vc_col-xs-12\"><div class=\"vc_column-inner\"><div class=\"wpb_wrapper\"><div class=\"banner-box shadow-true\" style=\"background-image:url(https:\/\/www.exemgame.com\/wp-content\/uploads\/2022\/12\/Foto3.jpg);\"><div class=\"wrap\"><div class=\"top-title\">Our Team<\/div><div class=\"main-title\">Exem Game Studio<\/div><div class=\"text\"><p>Our team members.<\/p>\n<\/div><div class=\"cloux-button style-3\"><a href=\"https:\/\/www.exemgame.com\/en\/team\/\" title=\"Read More\" target=\"_parent\"><span>Read More<\/span><\/a><\/div><\/div><\/div><div class=\"vc_empty_space\"   style=\"height: 2.308rem\" ><span class=\"vc_empty_space_inner\"><\/span><\/div>\n<\/div><\/div><\/div><div class=\"wpb_column vc_column_container vc_col-sm-12 vc_col-lg-4 vc_col-md-4 vc_col-xs-12\"><div class=\"vc_column-inner\"><div class=\"wpb_wrapper\"><div class=\"banner-box shadow-true\" style=\"background-image:url(https:\/\/www.exemgame.com\/wp-content\/uploads\/2022\/12\/Foto4.jpg);\"><div class=\"wrap\"><div class=\"top-title\">Sponsorship &amp; Contact<\/div><div class=\"main-title\">Contact<\/div><div class=\"text\"><p>Sponsorship and contact.<\/p>\n<\/div><div class=\"cloux-button style-3\"><a href=\"https:\/\/www.exemgame.com\/en\/contact\/\" title=\"Contact\" target=\"_parent\"><span>Contact<\/span><\/a><\/div><\/div><\/div><div class=\"vc_empty_space\"   style=\"height: 2.308rem\" ><span class=\"vc_empty_space_inner\"><\/span><\/div>\n<\/div><\/div><\/div><\/div><div data-vc-full-width=\"true\" data-vc-full-width-init=\"false\" class=\"vc_row wpb_row vc_row-fluid vc_custom_1514911677695 vc_row-has-fill\"><div class=\"wpb_column vc_column_container vc_col-sm-12\"><div class=\"vc_column-inner\"><div class=\"wpb_wrapper\"><div class=\"vc_empty_space\"   style=\"height: 8.154rem\" ><span class=\"vc_empty_space_inner\"><\/span><\/div>\n<div class=\"cloux-title-wrapper color-style-1\"><div class=\"cloux-title style-1 center translation-block\">Blog <span>&amp; News<\/span><\/div><\/div><div class=\"vc_empty_space\"   style=\"height: 4.385rem\" ><span class=\"vc_empty_space_inner\"><\/span><\/div>\n<div class=\"cloux-blog style-3\"><div class=\"post-list column-3\"><div class=\"item\"><div class=\"post post-styles post-style-3\"><div class=\"image\"><a href=\"https:\/\/www.exemgame.com\/en\/oyun-ici-gorseller-3\/\" title=\"In-Game Shots #3\"><img decoding=\"async\" src=\"https:\/\/www.exemgame.com\/wp-content\/uploads\/2023\/05\/Foto16-560x370.jpg\" alt=\"Oyun \u0130\u00e7i G\u00f6rseller #3\" \/><\/a><\/div><div class=\"content\"><div class=\"title\"><a href=\"https:\/\/www.exemgame.com\/en\/oyun-ici-gorseller-3\/\" title=\"In-Game Shots #3\">In-Game Shots #3<\/a><\/div><div class=\"summary\">&nbsp;<\/div><div class=\"details\"><div class=\"post-details style-1\"><ul><li class=\"author\"><a href=\"https:\/\/www.exemgame.com\/en\/author\/exemgame\/\"><img alt='' src='https:\/\/secure.gravatar.com\/avatar\/fcc2dbceba12fd697ef3a607f7a05456f0724c0bbb8eb271f456904bd88b3e63?s=20&#038;d=mm&#038;r=g' srcset='https:\/\/secure.gravatar.com\/avatar\/fcc2dbceba12fd697ef3a607f7a05456f0724c0bbb8eb271f456904bd88b3e63?s=40&#038;d=mm&#038;r=g 2x' class='avatar avatar-20 photo' height='20' width='20' \/><span>exemgame<\/span><\/a><\/li><li class=\"category\"><i class=\"fas fa-folder-open\" aria-hidden=\"true\"><\/i><a href=\"https:\/\/www.exemgame.com\/en\/kategori\/gorsel\/\" rel=\"category tag\">Images<\/a>, <a href=\"https:\/\/www.exemgame.com\/en\/kategori\/videos\/\" rel=\"category tag\">Videos<\/a><\/li><li class=\"date\"><i class=\"far fa-clock\" aria-hidden=\"true\"><\/i>1 May 2023<\/li><\/ul><\/div><\/div><\/div><\/div><\/div><div class=\"item\"><div class=\"post post-styles post-style-3\"><div class=\"image\"><a href=\"https:\/\/www.exemgame.com\/en\/oyun-ici-gorseller-2\/\" title=\"In-Game Shots #2\"><img decoding=\"async\" src=\"https:\/\/www.exemgame.com\/wp-content\/uploads\/2022\/12\/Foto8-560x370.jpg\" alt=\"Oyun \u0130\u00e7i G\u00f6rseller #2\" \/><\/a><\/div><div class=\"content\"><div class=\"title\"><a href=\"https:\/\/www.exemgame.com\/en\/oyun-ici-gorseller-2\/\" title=\"In-Game Shots #2\">In-Game Shots #2<\/a><\/div><div class=\"summary\">\u00a0<\/div><div class=\"details\"><div class=\"post-details style-1\"><ul><li class=\"author\"><a href=\"https:\/\/www.exemgame.com\/en\/author\/exemgame\/\"><img alt='' src='https:\/\/secure.gravatar.com\/avatar\/fcc2dbceba12fd697ef3a607f7a05456f0724c0bbb8eb271f456904bd88b3e63?s=20&#038;d=mm&#038;r=g' srcset='https:\/\/secure.gravatar.com\/avatar\/fcc2dbceba12fd697ef3a607f7a05456f0724c0bbb8eb271f456904bd88b3e63?s=40&#038;d=mm&#038;r=g 2x' class='avatar avatar-20 photo' height='20' width='20' \/><span>exemgame<\/span><\/a><\/li><li class=\"category\"><i class=\"fas fa-folder-open\" aria-hidden=\"true\"><\/i><a href=\"https:\/\/www.exemgame.com\/en\/kategori\/gorsel\/\" rel=\"category tag\">Images<\/a><\/li><li class=\"date\"><i class=\"far fa-clock\" aria-hidden=\"true\"><\/i>12 December 2022<\/li><\/ul><\/div><\/div><\/div><\/div><\/div><div class=\"item\"><div class=\"post post-styles post-style-3\"><div class=\"image\"><a href=\"https:\/\/www.exemgame.com\/en\/dinamik-hava-kosullari-ve-gece-gunduz-dongusu-videosu-yayinlandi\/\" title=\"Dynamic Weather and Day&amp;Night Cycle Tech Demo Video!\"><img decoding=\"async\" src=\"https:\/\/www.exemgame.com\/wp-content\/uploads\/2022\/05\/Dinamik-560x370.jpg\" alt=\"Dinamik Hava Ko\u015fullar\u0131 ve Gece-G\u00fcnd\u00fcz D\u00f6ng\u00fcs\u00fc Videosu Yay\u0131nland\u0131!\" \/><\/a><\/div><div class=\"content\"><div class=\"title\"><a href=\"https:\/\/www.exemgame.com\/en\/dinamik-hava-kosullari-ve-gece-gunduz-dongusu-videosu-yayinlandi\/\" title=\"Dynamic Weather and Day&amp;Night Cycle Tech Demo Video!\">Dynamic Weather and Day&amp;Night Cycle Tech Demo Video!<\/a><\/div><div class=\"details\"><div class=\"post-details style-1\"><ul><li class=\"author\"><a href=\"https:\/\/www.exemgame.com\/en\/author\/exemgame\/\"><img alt='' src='https:\/\/secure.gravatar.com\/avatar\/fcc2dbceba12fd697ef3a607f7a05456f0724c0bbb8eb271f456904bd88b3e63?s=20&#038;d=mm&#038;r=g' srcset='https:\/\/secure.gravatar.com\/avatar\/fcc2dbceba12fd697ef3a607f7a05456f0724c0bbb8eb271f456904bd88b3e63?s=40&#038;d=mm&#038;r=g 2x' class='avatar avatar-20 photo' height='20' width='20' \/><span>exemgame<\/span><\/a><\/li><li class=\"category\"><i class=\"fas fa-folder-open\" aria-hidden=\"true\"><\/i><a href=\"https:\/\/www.exemgame.com\/en\/kategori\/videos\/\" rel=\"category tag\">Videos<\/a><\/li><li class=\"date\"><i class=\"far fa-clock\" aria-hidden=\"true\"><\/i>22 May 2022<\/li><\/ul><\/div><\/div><\/div><\/div><\/div><div class=\"item\"><div class=\"post post-styles post-style-3\"><div class=\"image\"><a href=\"https:\/\/www.exemgame.com\/en\/otobus-fizigi-test-videosu-yayinlandi\/\" title=\"Bus Physics Test Video Released!\"><img decoding=\"async\" src=\"https:\/\/www.exemgame.com\/wp-content\/uploads\/2022\/04\/TBS5-560x370.jpg\" alt=\"Otob\u00fcs Fizi\u011fi Test Videosu Yay\u0131nland\u0131!\" \/><\/a><\/div><div class=\"content\"><div class=\"title\"><a href=\"https:\/\/www.exemgame.com\/en\/otobus-fizigi-test-videosu-yayinlandi\/\" title=\"Bus Physics Test Video Released!\">Bus Physics Test Video Released!<\/a><\/div><div class=\"details\"><div class=\"post-details style-1\"><ul><li class=\"author\"><a href=\"https:\/\/www.exemgame.com\/en\/author\/exemgame\/\"><img alt='' src='https:\/\/secure.gravatar.com\/avatar\/fcc2dbceba12fd697ef3a607f7a05456f0724c0bbb8eb271f456904bd88b3e63?s=20&#038;d=mm&#038;r=g' srcset='https:\/\/secure.gravatar.com\/avatar\/fcc2dbceba12fd697ef3a607f7a05456f0724c0bbb8eb271f456904bd88b3e63?s=40&#038;d=mm&#038;r=g 2x' class='avatar avatar-20 photo' height='20' width='20' \/><span>exemgame<\/span><\/a><\/li><li class=\"category\"><i class=\"fas fa-folder-open\" aria-hidden=\"true\"><\/i><a href=\"https:\/\/www.exemgame.com\/en\/kategori\/videos\/\" rel=\"category tag\">Videos<\/a><\/li><li class=\"date\"><i class=\"far fa-clock\" aria-hidden=\"true\"><\/i>6 April 2022<\/li><\/ul><\/div><\/div><\/div><\/div><\/div><div class=\"item\"><div class=\"post post-styles post-style-3\"><div class=\"image\"><a href=\"https:\/\/www.exemgame.com\/en\/oyun-ici-gorseller\/\" title=\"In-Game Images\"><img decoding=\"async\" src=\"https:\/\/www.exemgame.com\/wp-content\/uploads\/2022\/04\/TBS3-560x370.jpg\" alt=\"Oyun \u0130\u00e7i G\u00f6rseller\" \/><\/a><\/div><div class=\"content\"><div class=\"title\"><a href=\"https:\/\/www.exemgame.com\/en\/oyun-ici-gorseller\/\" title=\"In-Game Images\">In-Game Images<\/a><\/div><div class=\"summary\">We wanted to share some in-game images from our bus simulation game.<\/div><div class=\"details\"><div class=\"post-details style-1\"><ul><li class=\"author\"><a href=\"https:\/\/www.exemgame.com\/en\/author\/exemgame\/\"><img alt='' src='https:\/\/secure.gravatar.com\/avatar\/fcc2dbceba12fd697ef3a607f7a05456f0724c0bbb8eb271f456904bd88b3e63?s=20&#038;d=mm&#038;r=g' srcset='https:\/\/secure.gravatar.com\/avatar\/fcc2dbceba12fd697ef3a607f7a05456f0724c0bbb8eb271f456904bd88b3e63?s=40&#038;d=mm&#038;r=g 2x' class='avatar avatar-20 photo' height='20' width='20' \/><span>exemgame<\/span><\/a><\/li><li class=\"category\"><i class=\"fas fa-folder-open\" aria-hidden=\"true\"><\/i><a href=\"https:\/\/www.exemgame.com\/en\/kategori\/gorsel\/\" rel=\"category tag\">Images<\/a><\/li><li class=\"date\"><i class=\"far fa-clock\" aria-hidden=\"true\"><\/i>6 April 2022<\/li><\/ul><\/div><\/div><\/div><\/div><\/div><\/div><\/div><\/div><\/div><\/div><\/div><div class=\"vc_row-full-width vc_clearfix\"><\/div><div data-vc-full-width=\"true\" data-vc-full-width-init=\"false\" data-vc-stretch-content=\"true\" class=\"vc_row wpb_row vc_row-fluid vc_row-no-padding\"><div class=\"wpb_column vc_column_container vc_col-sm-12\"><div class=\"vc_column-inner\"><div class=\"wpb_wrapper\"><\/div><\/div><\/div><\/div><div class=\"vc_row-full-width vc_clearfix\"><\/div><div class=\"vc_row wpb_row vc_row-fluid\"><div class=\"wpb_column vc_column_container vc_col-sm-12\"><div class=\"vc_column-inner\"><div class=\"wpb_wrapper\"><div class=\"cloux-title-wrapper color-style-1\"><div class=\"cloux-title style-1 center\">Our Games<\/div><\/div><div class=\"vc_empty_space\"   style=\"height: 4.385rem\" ><span class=\"vc_empty_space_inner\"><\/span><\/div>\n<div class=\"game-listing\"><div class=\"game-list-style-1 game-list column-3\"><div class=\"game game-styles game-style-2\"><div class=\"wrap\"><a href=\"https:\/\/www.exemgame.com\/en\/game\/bus-game-project\/\" title=\"E****** BUS SIMULATOR\"><\/a><div class=\"poster\"><img loading=\"lazy\" decoding=\"async\" src=\"https:\/\/www.exemgame.com\/wp-content\/uploads\/2022\/12\/Foto5-e1670263218205-384x488.jpg\" width=\"384\" height=\"488\" alt=\"E****** BUS SIMULATOR\"><\/div><div class=\"content main-content\"><div class=\"title\"><a href=\"https:\/\/www.exemgame.com\/en\/game\/bus-game-project\/\" title=\"E****** BUS SIMULATOR\">E****** BUS SIMULATOR<\/a><\/div><ul class=\"game-details style-1\"><li class=\"platform\"><i class=\"fas fa-tv\" aria-hidden=\"true\"><\/i><ul><li><a href=\"https:\/\/www.exemgame.com\/en\/platform\/microsoft-windows\/\" title=\"Microsoft Windows\">Microsoft Windows<\/a><\/li><li><a href=\"https:\/\/www.exemgame.com\/en\/platform\/steam\/\" title=\"Steam\">Steam<\/a><\/li><\/ul><\/li><li class=\"genre\"><i class=\"fas fa-tags\" aria-hidden=\"true\"><\/i><ul><li><a href=\"https:\/\/www.exemgame.com\/en\/genre\/simulation\/\" title=\"Simulation\">Simulation<\/a><\/li><\/ul><\/li><\/ul><\/div><div class=\"content hover-content\"><div class=\"title\"><a href=\"https:\/\/www.exemgame.com\/en\/game\/bus-game-project\/\" title=\"E****** BUS SIMULATOR\">E****** BUS SIMULATOR<\/a><\/div><\/div><\/div><\/div><\/div><\/div><div class=\"vc_empty_space\"   style=\"height: 64px\" ><span class=\"vc_empty_space_inner\"><\/span><\/div>\n<\/div><\/div><\/div><\/div><div class=\"vc_row wpb_row vc_row-fluid\"><div class=\"wpb_column vc_column_container vc_col-sm-12 vc_hidden-lg vc_hidden-md vc_hidden-sm vc_hidden-xs\"><div class=\"vc_column-inner\"><div class=\"wpb_wrapper\"><div class=\"vc_empty_space\"   style=\"height: 4.615rem\" ><span class=\"vc_empty_space_inner\"><\/span><\/div>\n<div class=\"categorized-games\"><ul class=\"nav cloux-tabs categorized-games-tabs cloux-first-tab center\" role=\"tablist\"><li><a data-toggle=\"tab\" href=\"#categorized-all\" role=\"tab\" aria-controls=\"categorized-all\">All<\/a><\/li><li><a data-toggle=\"tab\" href=\"#categorized-microsoft-windows\" aria-controls=\"categorized-microsoft-windows\" role=\"tab\">Microsoft Windows<\/a><\/li><li><a data-toggle=\"tab\" href=\"#categorized-steam\" aria-controls=\"categorized-steam\" role=\"tab\">Steam<\/a><\/li><\/ul><div class=\"tab-content categorized-games-tab-content cloux-first-tab\"><div class=\"tab-pane fade\" id=\"categorized-all\" role=\"tabpanel\" aria-labelledby=\"categorized-all\"><div class=\"game-list-style-1 game-list column-4\"><div class=\"game game-styles game-style-1\"><div class=\"poster\"><a href=\"https:\/\/www.exemgame.com\/en\/game\/bus-game-project\/\" title=\"E****** BUS SIMULATOR\"><img loading=\"lazy\" decoding=\"async\" src=\"https:\/\/www.exemgame.com\/wp-content\/uploads\/2022\/12\/Foto5-e1670263218205-384x488.jpg\" width=\"384\" height=\"488\" alt=\"E****** BUS SIMULATOR\"><\/a><div class=\"genre\"><ul><li><a href=\"https:\/\/www.exemgame.com\/en\/genre\/simulation\/\" title=\"Simulation\">Simulation<\/a><\/li><\/ul><i class=\"fas fa-tags\" aria-hidden=\"true\"><\/i><\/div><\/div><div class=\"content\"><div class=\"title\"><a href=\"https:\/\/www.exemgame.com\/en\/game\/bus-game-project\/\" title=\"E****** BUS SIMULATOR\">E****** BUS SIMULATOR<\/a><\/div><ul class=\"game-details style-1\"><li class=\"platform\"><i class=\"fas fa-tv\" aria-hidden=\"true\"><\/i><ul><li><a href=\"https:\/\/www.exemgame.com\/en\/platform\/microsoft-windows\/\" title=\"Microsoft Windows\">Microsoft Windows<\/a><\/li><li><a href=\"https:\/\/www.exemgame.com\/en\/platform\/steam\/\" title=\"Steam\">Steam<\/a><\/li><\/ul><\/li><\/ul><div class=\"summary\">E****** Bus Simulator, \u015fehirleraras\u0131 otob\u00fcs ta\u015f\u0131mac\u0131l\u0131\u011f\u0131 yap\u0131lan bir sim\u00fclasyon oyunudur. Gece g\u00fcnd\u00fcz g\u00f6ng\u00fcs\u00fc, dinamik hava \u015fartlar\u0131 ve dinamik harita olaylar\u0131 ile birlikte sizi e\u015fsiz bir s\u00fcr\u00fc\u015f deneyimi bekliyor. Gece-G\u00fcnd\u00fcz d\u00f6ng\u00fcs\u00fc Dinamik hava \u015fartlar\u0131 Dinamik harita olaylar\u0131 Ger\u00e7ek\u00e7i otob\u00fcs fizikleri \u015eehirler: &#8211; \u0130stanbul &#8211; Bursa &#8211; Tekirda\u011f &#8211; Edirne Otob\u00fcsten inebilme ve \u00e7evreyi dola\u015fabilme Orijinal otob\u00fcs...<\/div><\/div><\/div><\/div><div class=\"cloux-button style-1 center\"><a href=\"https:\/\/www.exemgame.com\/en\/games\/\" title=\"All Games\" target=\"_parent\"><span>All Games<\/span><\/a><\/div><\/div><div class=\"tab-pane fade\" id=\"categorized-microsoft-windows\" role=\"tabpanel\" aria-labelledby=\"categorized-microsoft-windows\"><div class=\"game-list-style-1 game-list column-4\"><div class=\"game game-styles game-style-1\"><div class=\"poster\"><a href=\"https:\/\/www.exemgame.com\/en\/game\/bus-game-project\/\" title=\"E****** BUS SIMULATOR\"><img loading=\"lazy\" decoding=\"async\" src=\"https:\/\/www.exemgame.com\/wp-content\/uploads\/2022\/12\/Foto5-e1670263218205-384x488.jpg\" width=\"384\" height=\"488\" alt=\"E****** BUS SIMULATOR\"><\/a><div class=\"genre\"><ul><li><a href=\"https:\/\/www.exemgame.com\/en\/genre\/simulation\/\" title=\"Simulation\">Simulation<\/a><\/li><\/ul><i class=\"fas fa-tags\" aria-hidden=\"true\"><\/i><\/div><\/div><div class=\"content\"><div class=\"title\"><a href=\"https:\/\/www.exemgame.com\/en\/game\/bus-game-project\/\" title=\"E****** BUS SIMULATOR\">E****** BUS SIMULATOR<\/a><\/div><ul class=\"game-details style-1\"><li class=\"platform\"><i class=\"fas fa-tv\" aria-hidden=\"true\"><\/i><ul><li><a href=\"https:\/\/www.exemgame.com\/en\/platform\/microsoft-windows\/\" title=\"Microsoft Windows\">Microsoft Windows<\/a><\/li><li><a href=\"https:\/\/www.exemgame.com\/en\/platform\/steam\/\" title=\"Steam\">Steam<\/a><\/li><\/ul><\/li><\/ul><div class=\"summary\">E****** Bus Simulator, \u015fehirleraras\u0131 otob\u00fcs ta\u015f\u0131mac\u0131l\u0131\u011f\u0131 yap\u0131lan bir sim\u00fclasyon oyunudur. Gece g\u00fcnd\u00fcz g\u00f6ng\u00fcs\u00fc, dinamik hava \u015fartlar\u0131 ve dinamik harita olaylar\u0131 ile birlikte sizi e\u015fsiz bir s\u00fcr\u00fc\u015f deneyimi bekliyor. Gece-G\u00fcnd\u00fcz d\u00f6ng\u00fcs\u00fc Dinamik hava \u015fartlar\u0131 Dinamik harita olaylar\u0131 Ger\u00e7ek\u00e7i otob\u00fcs fizikleri \u015eehirler: &#8211; \u0130stanbul &#8211; Bursa &#8211; Tekirda\u011f &#8211; Edirne Otob\u00fcsten inebilme ve \u00e7evreyi dola\u015fabilme Orijinal otob\u00fcs...<\/div><\/div><\/div><\/div><div class=\"cloux-button style-1 center\"><a href=\"https:\/\/www.exemgame.com\/en\/platform\/microsoft-windows\/\" title=\"Microsoft Windows\"><span>All Microsoft Windows Games<\/span><\/a><\/div><\/div><div class=\"tab-pane fade\" id=\"categorized-steam\" role=\"tabpanel\" aria-labelledby=\"categorized-steam\"><div class=\"game-list-style-1 game-list column-4\"><div class=\"game game-styles game-style-1\"><div class=\"poster\"><a href=\"https:\/\/www.exemgame.com\/en\/game\/bus-game-project\/\" title=\"E****** BUS SIMULATOR\"><img loading=\"lazy\" decoding=\"async\" src=\"https:\/\/www.exemgame.com\/wp-content\/uploads\/2022\/12\/Foto5-e1670263218205-384x488.jpg\" width=\"384\" height=\"488\" alt=\"E****** BUS SIMULATOR\"><\/a><div class=\"genre\"><ul><li><a href=\"https:\/\/www.exemgame.com\/en\/genre\/simulation\/\" title=\"Simulation\">Simulation<\/a><\/li><\/ul><i class=\"fas fa-tags\" aria-hidden=\"true\"><\/i><\/div><\/div><div class=\"content\"><div class=\"title\"><a href=\"https:\/\/www.exemgame.com\/en\/game\/bus-game-project\/\" title=\"E****** BUS SIMULATOR\">E****** BUS SIMULATOR<\/a><\/div><ul class=\"game-details style-1\"><li class=\"platform\"><i class=\"fas fa-tv\" aria-hidden=\"true\"><\/i><ul><li><a href=\"https:\/\/www.exemgame.com\/en\/platform\/microsoft-windows\/\" title=\"Microsoft Windows\">Microsoft Windows<\/a><\/li><li><a href=\"https:\/\/www.exemgame.com\/en\/platform\/steam\/\" title=\"Steam\">Steam<\/a><\/li><\/ul><\/li><\/ul><div class=\"summary\">E****** Bus Simulator, \u015fehirleraras\u0131 otob\u00fcs ta\u015f\u0131mac\u0131l\u0131\u011f\u0131 yap\u0131lan bir sim\u00fclasyon oyunudur. Gece g\u00fcnd\u00fcz g\u00f6ng\u00fcs\u00fc, dinamik hava \u015fartlar\u0131 ve dinamik harita olaylar\u0131 ile birlikte sizi e\u015fsiz bir s\u00fcr\u00fc\u015f deneyimi bekliyor. Gece-G\u00fcnd\u00fcz d\u00f6ng\u00fcs\u00fc Dinamik hava \u015fartlar\u0131 Dinamik harita olaylar\u0131 Ger\u00e7ek\u00e7i otob\u00fcs fizikleri \u015eehirler: &#8211; \u0130stanbul &#8211; Bursa &#8211; Tekirda\u011f &#8211; Edirne Otob\u00fcsten inebilme ve \u00e7evreyi dola\u015fabilme Orijinal otob\u00fcs...<\/div><\/div><\/div><\/div><div class=\"cloux-button style-1 center\"><a href=\"https:\/\/www.exemgame.com\/en\/platform\/steam\/\" title=\"Steam\"><span>All Steam Games<\/span><\/a><\/div><\/div><\/div><\/div><div class=\"vc_empty_space\"   style=\"height: 11.54rem\" ><span class=\"vc_empty_space_inner\"><\/span><\/div>\n<\/div><\/div><\/div><\/div><div data-vc-full-width=\"true\" data-vc-full-width-init=\"false\" data-vc-stretch-content=\"true\" class=\"vc_row wpb_row vc_row-fluid vc_row-no-padding\"><div class=\"wpb_column vc_column_container vc_col-sm-12\"><div class=\"vc_column-inner vc_custom_1514981762718\"><div class=\"wpb_wrapper\"><div class=\"cloux-content-box content-right style-1 separate-titles-true padding-150\" style=\"background-image:url(https:\/\/www.exemgame.com\/wp-content\/uploads\/2022\/12\/Foto1-1920x670.jpg);\"><div class=\"cloux-element-wrapper\"><div class=\"inner main-content\"><div class=\"content\"><div class=\"title translation-block\">About The <span>Exem Game Studio<\/span><\/div><div class=\"excerpt\">Indie game developers.<\/div><div class=\"buttons style-3\"><div class=\"cloux-button content-read-more style-3\"><a title=\"Read More\"><span>Read More<\/span><\/a><\/div><\/div><\/div><\/div><\/div><div class=\"popup style-3\"><div class=\"cloux-close\"><\/div><div class=\"hover-color hover-color-a\"><\/div><div class=\"hover-color hover-color-b\"><\/div><div class=\"hover-color hover-color-c\"><\/div><div class=\"wrap\"><div class=\"wrap-block\"><div class=\"container\"><div class=\"hover-content-wrap\"><div class=\"scrollbar-outer\"><div class=\"title translation-block\">About The <span>Exem Game Studio<\/span><\/div><div class=\"hover-content\"><p>Indie game developers.<\/p>\n<\/div><\/div><\/div><\/div><\/div><\/div><\/div><\/div><\/div><\/div><\/div><\/div><div class=\"vc_row-full-width vc_clearfix\"><\/div>","protected":false},"excerpt":{"rendered":"E****** Bus Simulator, \u015fehirleraras\u0131 otob\u00fcs ta\u015f\u0131mac\u0131l\u0131\u011f\u0131 yap\u0131lan bir sim\u00fclasyon oyunudur. Gece g\u00fcnd\u00fcz g\u00f6ng\u00fcs\u00fc, dinamik hava \u015fartlar\u0131 ve dinamik harita olaylar\u0131 ile birlikte sizi e\u015fsiz bir s\u00fcr\u00fc\u015f deneyimi bekliyor. Gece-G\u00fcnd\u00fcz d\u00f6ng\u00fcs\u00fc Dinamik hava \u015fartlar\u0131 Dinamik harita olaylar\u0131 Ger\u00e7ek\u00e7i otob\u00fcs fizikleri \u015eehirler: - \u0130stanbul - Bursa - Tekirda\u011f - Edirne Otob\u00fcsten inebilme ve \u00e7evreyi dola\u015fabilme Orijinal otob\u00fcs...","protected":false},"author":1,"featured_media":0,"parent":0,"menu_order":0,"comment_status":"closed","ping_status":"closed","template":"","meta":{"_bbp_topic_count":0,"_bbp_reply_count":0,"_bbp_total_topic_count":0,"_bbp_total_reply_count":0,"_bbp_voice_count":0,"_bbp_anonymous_reply_count":0,"_bbp_topic_count_hidden":0,"_bbp_reply_count_hidden":0,"_bbp_forum_subforum_count":0,"_mo_disable_npp":"","footnotes":""},"class_list":["post-17","page","type-page","status-publish","hentry"],"_links":{"self":[{"href":"https:\/\/www.exemgame.com\/en\/wp-json\/wp\/v2\/pages\/17","targetHints":{"allow":["GET"]}}],"collection":[{"href":"https:\/\/www.exemgame.com\/en\/wp-json\/wp\/v2\/pages"}],"about":[{"href":"https:\/\/www.exemgame.com\/en\/wp-json\/wp\/v2\/types\/page"}],"author":[{"embeddable":true,"href":"https:\/\/www.exemgame.com\/en\/wp-json\/wp\/v2\/users\/1"}],"replies":[{"embeddable":true,"href":"https:\/\/www.exemgame.com\/en\/wp-json\/wp\/v2\/comments?post=17"}],"version-history":[{"count":42,"href":"https:\/\/www.exemgame.com\/en\/wp-json\/wp\/v2\/pages\/17\/revisions"}],"predecessor-version":[{"id":2868,"href":"https:\/\/www.exemgame.com\/en\/wp-json\/wp\/v2\/pages\/17\/revisions\/2868"}],"wp:attachment":[{"href":"https:\/\/www.exemgame.com\/en\/wp-json\/wp\/v2\/media?parent=17"}],"curies":[{"name":"wp","href":"https:\/\/api.w.org\/{rel}","templated":true}]}}