{"id":45,"date":"2017-12-17T11:34:36","date_gmt":"2017-12-17T11:34:36","guid":{"rendered":"http:\/\/demo.gloriathemes.com\/wp\/cloux\/?page_id=45"},"modified":"2022-04-30T16:52:00","modified_gmt":"2022-04-30T13:52:00","slug":"about","status":"publish","type":"page","link":"https:\/\/www.exemgame.com\/en\/about\/","title":{"rendered":"About"},"content":{"rendered":"<div class=\"vc_row wpb_row vc_row-fluid\"><div class=\"wpb_column vc_column_container vc_col-sm-12\"><div class=\"vc_column-inner\"><div class=\"wpb_wrapper\">\n\t<div class=\"wpb_text_column wpb_content_element\" >\n\t\t<div class=\"wpb_wrapper\">\n\t\t\t<p><span style=\"color: #ff1111;\"><strong>Exem Game Studio<\/strong><\/span> ilk olarak 2010 y\u0131l\u0131nda <strong>Aykut O\u011fuzhan<\/strong> ve <strong>Emre Yerlikaya<\/strong> taraf\u0131ndan bir grup olarak kurulmu\u015ftur. Resmi olarak 2022 y\u0131l\u0131nda kurulmu\u015ftur. \u0130lk projeleri FPS t\u00fcr\u00fcnde askeri bir oyundu. O zaman\u0131n \u015fartlar\u0131ndan dolay\u0131 proje durdurulmak zorunda kal\u0131nd\u0131. \u015euan\u00a0 <span style=\"color: #ff1111;\"><strong>Exem Game Studio<\/strong><\/span> b\u00fcnyesinde 3 proje olup ilk hayata ge\u00e7ecek olan otob\u00fcs simulasyonu \u00fczerinde \u00e7al\u0131\u015f\u0131lmaktad\u0131r.<\/p>\n\n\t\t<\/div>\n\t<\/div>\n<div class=\"vc_empty_space\"   style=\"height: 2.308rem\" ><span class=\"vc_empty_space_inner\"><\/span><\/div>\n<\/div><\/div><\/div><\/div><div class=\"vc_row wpb_row vc_row-fluid vc_column-gap-5\"><div class=\"wpb_column vc_column_container vc_col-sm-6 vc_col-lg-4 vc_col-md-4 vc_col-xs-12\"><div class=\"vc_column-inner\"><div class=\"wpb_wrapper\"><div class=\"banner-box shadow-true\" style=\"background-image:url(https:\/\/www.exemgame.com\/wp-includes\/images\/media\/default.svg);\"><div class=\"wrap\"><div class=\"top-title\">Our All Games<\/div><div class=\"main-title translation-block\">Our <span>Games<\/span><\/div><div class=\"text\"><p>Exem Game Studio olarak geli\u015ftirdi\u011fimiz oyunlar.<\/p>\n<\/div><div class=\"cloux-button style-3\"><a href=\"https:\/\/www.exemgame.com\/en\/games\/\" title=\"All Games\" target=\"_parent\"><span>All Games<\/span><\/a><\/div><\/div><\/div><div class=\"vc_empty_space\"   style=\"height: 2.308rem\" ><span class=\"vc_empty_space_inner\"><\/span><\/div>\n<\/div><\/div><\/div><div class=\"wpb_column vc_column_container vc_col-sm-6 vc_col-lg-4 vc_col-md-4 vc_col-xs-12\"><div class=\"vc_column-inner\"><div class=\"wpb_wrapper\"><div class=\"banner-box shadow-true\" style=\"background-image:url(https:\/\/www.exemgame.com\/wp-includes\/images\/media\/default.svg);\"><div class=\"wrap\"><div class=\"top-title\">Our Developer Team<\/div><div class=\"main-title\">Exem Game Team<\/div><div class=\"text\"><p>Exem Game Studio'da kimler bizimle buradan bakabilirsiniz.<\/p>\n<\/div><div class=\"cloux-button style-3\"><a href=\"https:\/\/www.exemgame.com\/en\/team\/\" title=\"Read More\" target=\"_parent\"><span>Read More<\/span><\/a><\/div><\/div><\/div><div class=\"vc_empty_space\"   style=\"height: 2.308rem\" ><span class=\"vc_empty_space_inner\"><\/span><\/div>\n<div class=\"vc_empty_space\"   style=\"height: 2.308rem\" ><span class=\"vc_empty_space_inner\"><\/span><\/div>\n<\/div><\/div><\/div><\/div><div class=\"vc_row wpb_row vc_row-fluid\"><div class=\"wpb_column vc_column_container vc_col-sm-12\"><div class=\"vc_column-inner\"><div class=\"wpb_wrapper\"><div class=\"vc_empty_space\"   style=\"height: 2.308rem\" ><span class=\"vc_empty_space_inner\"><\/span><\/div>\n<div class=\"vc_empty_space\"   style=\"height: 2.308rem\" ><span class=\"vc_empty_space_inner\"><\/span><\/div>\n<\/div><\/div><\/div><\/div><div class=\"vc_row wpb_row vc_row-fluid\"><div class=\"wpb_column vc_column_container vc_col-sm-4\"><div class=\"vc_column-inner\"><div class=\"wpb_wrapper\"><div class=\"vc_empty_space\"   style=\"height: 2.308rem\" ><span class=\"vc_empty_space_inner\"><\/span><\/div>\n<\/div><\/div><\/div><div class=\"wpb_column vc_column_container vc_col-sm-4\"><div class=\"vc_column-inner\"><div class=\"wpb_wrapper\"><div class=\"vc_empty_space\"   style=\"height: 2.308rem\" ><span class=\"vc_empty_space_inner\"><\/span><\/div>\n<\/div><\/div><\/div><div class=\"wpb_column vc_column_container vc_col-sm-4\"><div class=\"vc_column-inner\"><div class=\"wpb_wrapper\"><div class=\"vc_empty_space\"   style=\"height: 2.308rem\" ><span class=\"vc_empty_space_inner\"><\/span><\/div>\n<\/div><\/div><\/div><\/div>","protected":false},"excerpt":{"rendered":"Exem Game Studio ilk olarak 2010 y\u0131l\u0131nda Aykut O\u011fuzhan ve Emre Yerlikaya taraf\u0131ndan bir grup olarak kurulmu\u015ftur. Resmi olarak 2022 y\u0131l\u0131nda kurulmu\u015ftur. \u0130lk projeleri FPS t\u00fcr\u00fcnde askeri bir oyundu. O zaman\u0131n \u015fartlar\u0131ndan dolay\u0131 proje durdurulmak zorunda kal\u0131nd\u0131. \u015euan\u00a0 Exem Game Studio b\u00fcnyesinde 3 proje olup ilk hayata ge\u00e7ecek olan otob\u00fcs simulasyonu \u00fczerinde \u00e7al\u0131\u015f\u0131lmaktad\u0131r. Our All...","protected":false},"author":1,"featured_media":1485,"parent":0,"menu_order":0,"comment_status":"closed","ping_status":"closed","template":"","meta":{"_bbp_topic_count":0,"_bbp_reply_count":0,"_bbp_total_topic_count":0,"_bbp_total_reply_count":0,"_bbp_voice_count":0,"_bbp_anonymous_reply_count":0,"_bbp_topic_count_hidden":0,"_bbp_reply_count_hidden":0,"_bbp_forum_subforum_count":0,"_mo_disable_npp":"","footnotes":""},"class_list":["post-45","page","type-page","status-publish","has-post-thumbnail","hentry"],"_links":{"self":[{"href":"https:\/\/www.exemgame.com\/en\/wp-json\/wp\/v2\/pages\/45","targetHints":{"allow":["GET"]}}],"collection":[{"href":"https:\/\/www.exemgame.com\/en\/wp-json\/wp\/v2\/pages"}],"about":[{"href":"https:\/\/www.exemgame.com\/en\/wp-json\/wp\/v2\/types\/page"}],"author":[{"embeddable":true,"href":"https:\/\/www.exemgame.com\/en\/wp-json\/wp\/v2\/users\/1"}],"replies":[{"embeddable":true,"href":"https:\/\/www.exemgame.com\/en\/wp-json\/wp\/v2\/comments?post=45"}],"version-history":[{"count":11,"href":"https:\/\/www.exemgame.com\/en\/wp-json\/wp\/v2\/pages\/45\/revisions"}],"predecessor-version":[{"id":2326,"href":"https:\/\/www.exemgame.com\/en\/wp-json\/wp\/v2\/pages\/45\/revisions\/2326"}],"wp:featuredmedia":[{"embeddable":true,"href":"https:\/\/www.exemgame.com\/en\/wp-json\/wp\/v2\/media\/1485"}],"wp:attachment":[{"href":"https:\/\/www.exemgame.com\/en\/wp-json\/wp\/v2\/media?parent=45"}],"curies":[{"name":"wp","href":"https:\/\/api.w.org\/{rel}","templated":true}]}}